{"id":392,"date":"2020-08-22T15:25:31","date_gmt":"2020-08-22T13:25:31","guid":{"rendered":"https:\/\/www.sgk-fussball.net\/19\/?page_id=392"},"modified":"2020-08-22T15:50:11","modified_gmt":"2020-08-22T13:50:11","slug":"392-2","status":"publish","type":"page","link":"https:\/\/www.sgk-fussball.net\/19\/392-2\/","title":{"rendered":"Downloads"},"content":{"rendered":"\n<h2 class=\"wp-block-heading\">Aufnahme und K\u00fcndigung<\/h2>\n\n\n\n<div class=\"wp-block-buttons is-layout-flex wp-block-buttons-is-layout-flex\">\n<div class=\"wp-block-button\"><a class=\"wp-block-button__link has-background\" href=\"https:\/\/sgk-bad-homburg.de\/images\/download\/Aufnahmeantrag.pdf\" style=\"background:linear-gradient(135deg,rgb(254,205,165) 0%,rgb(254,45,45) 10%,rgb(107,0,62) 100%)\" target=\"_blank\" rel=\"noreferrer noopener\">Aufnahmeantrag<\/a><\/div>\n\n\n\n<div class=\"wp-block-button is-style-fill\"><a class=\"wp-block-button__link has-background\" href=\"https:\/\/sgk-bad-homburg.de\/images\/download\/Austrittserklaerung-SGK.pdf\" style=\"background:linear-gradient(135deg,rgb(254,205,165) 0%,rgb(254,45,45) 10%,rgb(107,0,62) 100%)\" target=\"_blank\" rel=\"noreferrer noopener\">K\u00fcndigung<\/a><\/div>\n<\/div>\n\n\n\n<div class=\"wp-block-buttons is-layout-flex wp-block-buttons-is-layout-flex\">\n<div class=\"wp-block-button\"><a class=\"wp-block-button__link has-background\" href=\"https:\/\/sgk-bad-homburg.de\/images\/download\/Satzung-SGK.pdf\" style=\"background:linear-gradient(135deg,rgb(254,205,165) 0%,rgb(254,45,45) 10%,rgb(107,0,62) 100%)\">Satzung<\/a><\/div>\n\n\n\n<div class=\"wp-block-button is-style-fill\"><a class=\"wp-block-button__link has-background\" href=\"https:\/\/sgk-bad-homburg.de\/images\/download\/Beitragsordnung.pdf\" style=\"background:linear-gradient(135deg,rgb(254,205,165) 0%,rgb(254,45,45) 10%,rgb(107,0,62) 100%)\">Beitragsordnung<\/a><\/div>\n<\/div>\n\n\n\n<h2 class=\"wp-block-heading\">\u00c4nderungsantr\u00e4ge<\/h2>\n\n\n\n<div class=\"wp-block-buttons is-layout-flex wp-block-buttons-is-layout-flex\">\n<div class=\"wp-block-button is-style-fill\"><a class=\"wp-block-button__link has-background\" href=\"https:\/\/sgk-bad-homburg.de\/images\/download\/Abteilungswechsel-SGK.pdf\" style=\"background:linear-gradient(135deg,rgb(254,205,165) 0%,rgb(254,45,45) 9%,rgb(107,0,62) 100%)\" target=\"_blank\" rel=\"noreferrer noopener\">Wechsel der Abteilung<\/a><\/div>\n\n\n\n<div class=\"wp-block-button is-style-fill\"><a class=\"wp-block-button__link has-background\" href=\"https:\/\/sgk-bad-homburg.de\/images\/download\/Aenderungsmitteilung-SGK.pdf\" style=\"background:linear-gradient(135deg,rgb(254,205,165) 0%,rgb(254,45,45) 9%,rgb(107,0,62) 100%)\" target=\"_blank\" rel=\"noreferrer noopener\">allgemeine \u00c4nderung<\/a><\/div>\n<\/div>\n\n\n\n<p><\/p>\n","protected":false},"excerpt":{"rendered":"<p>Aufnahme und K\u00fcndigung \u00c4nderungsantr\u00e4ge<\/p>\n","protected":false},"author":1,"featured_media":0,"parent":0,"menu_order":0,"comment_status":"closed","ping_status":"closed","template":"","meta":{"_EventAllDay":false,"_EventTimezone":"","_EventStartDate":"","_EventEndDate":"","_EventStartDateUTC":"","_EventEndDateUTC":"","_EventShowMap":false,"_EventShowMapLink":false,"_EventURL":"","_EventCost":"","_EventCostDescription":"","_EventCurrencySymbol":"","_EventCurrencyCode":"","_EventCurrencyPosition":"","_EventDateTimeSeparator":"","_EventTimeRangeSeparator":"","_EventOrganizerID":[],"_EventVenueID":[],"_OrganizerEmail":"","_OrganizerPhone":"","_OrganizerWebsite":"","_VenueAddress":"","_VenueCity":"","_VenueCountry":"","_VenueProvince":"","_VenueState":"","_VenueZip":"","_VenuePhone":"","_VenueURL":"","_VenueStateProvince":"","_VenueLat":"","_VenueLng":"","_VenueShowMap":false,"_VenueShowMapLink":false,"_themeisle_gutenberg_block_has_review":false,"footnotes":""},"class_list":["post-392","page","type-page","status-publish","hentry"],"_links":{"self":[{"href":"https:\/\/www.sgk-fussball.net\/19\/wp-json\/wp\/v2\/pages\/392","targetHints":{"allow":["GET"]}}],"collection":[{"href":"https:\/\/www.sgk-fussball.net\/19\/wp-json\/wp\/v2\/pages"}],"about":[{"href":"https:\/\/www.sgk-fussball.net\/19\/wp-json\/wp\/v2\/types\/page"}],"author":[{"embeddable":true,"href":"https:\/\/www.sgk-fussball.net\/19\/wp-json\/wp\/v2\/users\/1"}],"replies":[{"embeddable":true,"href":"https:\/\/www.sgk-fussball.net\/19\/wp-json\/wp\/v2\/comments?post=392"}],"version-history":[{"count":10,"href":"https:\/\/www.sgk-fussball.net\/19\/wp-json\/wp\/v2\/pages\/392\/revisions"}],"predecessor-version":[{"id":407,"href":"https:\/\/www.sgk-fussball.net\/19\/wp-json\/wp\/v2\/pages\/392\/revisions\/407"}],"wp:attachment":[{"href":"https:\/\/www.sgk-fussball.net\/19\/wp-json\/wp\/v2\/media?parent=392"}],"curies":[{"name":"wp","href":"https:\/\/api.w.org\/{rel}","templated":true}]}}